{"id":78,"date":"2026-04-03T16:46:58","date_gmt":"2026-04-03T14:46:58","guid":{"rendered":"http:\/\/chantonnaysoins.fr\/?page_id=78"},"modified":"2026-04-03T17:48:03","modified_gmt":"2026-04-03T15:48:03","slug":"msp-episante","status":"publish","type":"page","link":"https:\/\/chantonnaysoins.fr\/?page_id=78","title":{"rendered":"MSP EPISANTE"},"content":{"rendered":"\n<figure class=\"wp-block-image size-full is-resized\"><a href=\"http:\/\/centre-epidaure.fr\/Medecins.php\" target=\"_blank\" rel=\" noreferrer noopener\"><img loading=\"lazy\" decoding=\"async\" width=\"256\" height=\"256\" src=\"http:\/\/chantonnaysoins.fr\/wp-content\/uploads\/2026\/04\/doctor-2-.png\" alt=\"\" class=\"wp-image-79\" style=\"width:97px;height:auto\" srcset=\"https:\/\/chantonnaysoins.fr\/wp-content\/uploads\/2026\/04\/doctor-2-.png 256w, https:\/\/chantonnaysoins.fr\/wp-content\/uploads\/2026\/04\/doctor-2--150x150.png 150w\" sizes=\"auto, (max-width: 256px) 100vw, 256px\" \/><\/a><\/figure>\n\n\n\n<p><strong>Medecins<\/strong><\/p>\n\n\n\n<figure class=\"wp-block-image size-full is-resized\"><a href=\"http:\/\/centre-epidaure.fr\/Kines.php\" target=\"_blank\" rel=\" noreferrer noopener\"><img loading=\"lazy\" decoding=\"async\" width=\"300\" height=\"195\" src=\"http:\/\/chantonnaysoins.fr\/wp-content\/uploads\/2026\/04\/kinesitherapeute-image-animee-0028.gif\" alt=\"\" class=\"wp-image-88\" style=\"aspect-ratio:1.5386376645678306;width:106px;height:auto\"\/><\/a><\/figure>\n\n\n\n<p><strong>Kin\u00e9s<\/strong><\/p>\n\n\n\n<figure class=\"wp-block-image size-full is-resized\"><a href=\"http:\/\/centre-epidaure.fr\/Orthophoniste.php\" target=\"_blank\" rel=\" noreferrer noopener\"><img loading=\"lazy\" decoding=\"async\" width=\"600\" height=\"600\" src=\"http:\/\/chantonnaysoins.fr\/wp-content\/uploads\/2026\/04\/depositphotos_174949752-stock-illustration-speech-therapist-doing-articulately-gymnastic.webp\" alt=\"\" class=\"wp-image-92\" style=\"width:101px;height:auto\" srcset=\"https:\/\/chantonnaysoins.fr\/wp-content\/uploads\/2026\/04\/depositphotos_174949752-stock-illustration-speech-therapist-doing-articulately-gymnastic.webp 600w, https:\/\/chantonnaysoins.fr\/wp-content\/uploads\/2026\/04\/depositphotos_174949752-stock-illustration-speech-therapist-doing-articulately-gymnastic-300x300.webp 300w, https:\/\/chantonnaysoins.fr\/wp-content\/uploads\/2026\/04\/depositphotos_174949752-stock-illustration-speech-therapist-doing-articulately-gymnastic-150x150.webp 150w\" sizes=\"auto, (max-width: 600px) 100vw, 600px\" \/><\/a><\/figure>\n\n\n\n<p><strong>Orthophonistes<\/strong> <\/p>\n\n\n\n<figure class=\"wp-block-image size-full is-resized\"><a href=\"http:\/\/centre-epidaure.fr\/Psychomotricienne.php\" target=\"_blank\" rel=\" noreferrer noopener\"><img loading=\"lazy\" decoding=\"async\" width=\"347\" height=\"303\" src=\"http:\/\/chantonnaysoins.fr\/wp-content\/uploads\/2026\/04\/ihope-Reeducation.jpg\" alt=\"\" class=\"wp-image-95\" style=\"aspect-ratio:1.1452774248199915;width:106px;height:auto\" srcset=\"https:\/\/chantonnaysoins.fr\/wp-content\/uploads\/2026\/04\/ihope-Reeducation.jpg 347w, https:\/\/chantonnaysoins.fr\/wp-content\/uploads\/2026\/04\/ihope-Reeducation-300x262.jpg 300w\" sizes=\"auto, (max-width: 347px) 100vw, 347px\" \/><\/a><\/figure>\n\n\n\n<p><strong>Psychomotricienne<\/strong><\/p>\n\n\n\n<figure class=\"wp-block-image size-full is-resized\"><a href=\"http:\/\/centre-epidaure.fr\/Infirmiers.php\" target=\"_blank\" rel=\" noreferrer noopener\"><img loading=\"lazy\" decoding=\"async\" width=\"644\" height=\"644\" src=\"http:\/\/chantonnaysoins.fr\/wp-content\/uploads\/2026\/04\/affiches_drole_infirmiere_avec_seringue-r4524cb8cf0354279b2a5900b37f1a85e_wad_8byvr_644.webp\" alt=\"\" class=\"wp-image-97\" style=\"width:113px;height:auto\" srcset=\"https:\/\/chantonnaysoins.fr\/wp-content\/uploads\/2026\/04\/affiches_drole_infirmiere_avec_seringue-r4524cb8cf0354279b2a5900b37f1a85e_wad_8byvr_644.webp 644w, https:\/\/chantonnaysoins.fr\/wp-content\/uploads\/2026\/04\/affiches_drole_infirmiere_avec_seringue-r4524cb8cf0354279b2a5900b37f1a85e_wad_8byvr_644-300x300.webp 300w, https:\/\/chantonnaysoins.fr\/wp-content\/uploads\/2026\/04\/affiches_drole_infirmiere_avec_seringue-r4524cb8cf0354279b2a5900b37f1a85e_wad_8byvr_644-150x150.webp 150w\" sizes=\"auto, (max-width: 644px) 100vw, 644px\" \/><\/a><\/figure>\n\n\n\n<p><strong>Infirmi\u00e8res<\/strong><\/p>\n\n\n\n<figure class=\"wp-block-image size-full is-resized\"><a href=\"http:\/\/centre-epidaure.fr\/Osteopathie.php\" target=\"_blank\" rel=\" noreferrer noopener\"><img loading=\"lazy\" decoding=\"async\" width=\"587\" height=\"612\" src=\"http:\/\/chantonnaysoins.fr\/wp-content\/uploads\/2026\/04\/istockphoto-1312436370-612x612-1.jpg\" alt=\"\" class=\"wp-image-112\" style=\"width:121px;height:auto\" srcset=\"https:\/\/chantonnaysoins.fr\/wp-content\/uploads\/2026\/04\/istockphoto-1312436370-612x612-1.jpg 587w, https:\/\/chantonnaysoins.fr\/wp-content\/uploads\/2026\/04\/istockphoto-1312436370-612x612-1-288x300.jpg 288w\" sizes=\"auto, (max-width: 587px) 100vw, 587px\" \/><\/a><\/figure>\n\n\n\n<p><strong>Ost\u00e9opathe<\/strong><\/p>\n\n\n\n<figure class=\"wp-block-image size-full is-resized\"><a href=\"http:\/\/centre-epidaure.fr\/Echographie.php\" target=\"_blank\" rel=\" noreferrer noopener\"><img loading=\"lazy\" decoding=\"async\" width=\"350\" height=\"263\" src=\"http:\/\/chantonnaysoins.fr\/wp-content\/uploads\/2026\/04\/xl_AdobeStock_274823237.jpeg\" alt=\"\" class=\"wp-image-113\" style=\"width:130px;height:auto\" srcset=\"https:\/\/chantonnaysoins.fr\/wp-content\/uploads\/2026\/04\/xl_AdobeStock_274823237.jpeg 350w, https:\/\/chantonnaysoins.fr\/wp-content\/uploads\/2026\/04\/xl_AdobeStock_274823237-300x225.jpeg 300w\" sizes=\"auto, (max-width: 350px) 100vw, 350px\" \/><\/a><\/figure>\n\n\n\n<p><strong>\u00c9chographie<\/strong><\/p>\n\n\n\n<p><\/p>\n","protected":false},"excerpt":{"rendered":"<p>Medecins Kin\u00e9s Orthophonistes Psychomotricienne Infirmi\u00e8res Ost\u00e9opathe \u00c9chographie<\/p>\n","protected":false},"author":1,"featured_media":0,"parent":0,"menu_order":0,"comment_status":"closed","ping_status":"closed","template":"","meta":{"footnotes":""},"class_list":["post-78","page","type-page","status-publish","hentry"],"_links":{"self":[{"href":"https:\/\/chantonnaysoins.fr\/index.php?rest_route=\/wp\/v2\/pages\/78","targetHints":{"allow":["GET"]}}],"collection":[{"href":"https:\/\/chantonnaysoins.fr\/index.php?rest_route=\/wp\/v2\/pages"}],"about":[{"href":"https:\/\/chantonnaysoins.fr\/index.php?rest_route=\/wp\/v2\/types\/page"}],"author":[{"embeddable":true,"href":"https:\/\/chantonnaysoins.fr\/index.php?rest_route=\/wp\/v2\/users\/1"}],"replies":[{"embeddable":true,"href":"https:\/\/chantonnaysoins.fr\/index.php?rest_route=%2Fwp%2Fv2%2Fcomments&post=78"}],"version-history":[{"count":14,"href":"https:\/\/chantonnaysoins.fr\/index.php?rest_route=\/wp\/v2\/pages\/78\/revisions"}],"predecessor-version":[{"id":114,"href":"https:\/\/chantonnaysoins.fr\/index.php?rest_route=\/wp\/v2\/pages\/78\/revisions\/114"}],"wp:attachment":[{"href":"https:\/\/chantonnaysoins.fr\/index.php?rest_route=%2Fwp%2Fv2%2Fmedia&parent=78"}],"curies":[{"name":"wp","href":"https:\/\/api.w.org\/{rel}","templated":true}]}}